{"id":68,"date":"2021-07-28T11:25:29","date_gmt":"2021-07-28T11:25:29","guid":{"rendered":"http:\/\/katonaantik.ultranet.hu\/katonaantik_new\/?page_id=68"},"modified":"2021-09-23T09:07:15","modified_gmt":"2021-09-23T09:07:15","slug":"katona-antik-alapitva-1935","status":"publish","type":"page","link":"https:\/\/katonaantik.hu\/","title":{"rendered":"Katona Antik Alap\u00edtva 1935"},"content":{"rendered":"\n<p><\/p>\n\n\n\n<p><\/p>\n\n\n\n<div class=\"wp-block-columns is-layout-flex wp-container-core-columns-is-layout-9d6595d7 wp-block-columns-is-layout-flex\">\n<div class=\"wp-block-column is-layout-flow wp-block-column-is-layout-flow\" style=\"flex-basis:100%\">\n<div class=\"wp-block-image\"><figure class=\"aligncenter size-large\"><img loading=\"lazy\" decoding=\"async\" width=\"800\" height=\"1024\" src=\"https:\/\/katonaantik.hu\/wp-content\/uploads\/2021\/09\/20210923_105411-2-800x1024.jpg\" alt=\"\" class=\"wp-image-324\" srcset=\"https:\/\/katonaantik.hu\/wp-content\/uploads\/2021\/09\/20210923_105411-2-800x1024.jpg 800w, https:\/\/katonaantik.hu\/wp-content\/uploads\/2021\/09\/20210923_105411-2-234x300.jpg 234w, https:\/\/katonaantik.hu\/wp-content\/uploads\/2021\/09\/20210923_105411-2-768x983.jpg 768w, https:\/\/katonaantik.hu\/wp-content\/uploads\/2021\/09\/20210923_105411-2-740x948.jpg 740w, https:\/\/katonaantik.hu\/wp-content\/uploads\/2021\/09\/20210923_105411-2.jpg 1087w\" sizes=\"auto, (max-width: 800px) 100vw, 800px\" \/><\/figure><\/div>\n\n\n\n<div class=\"wp-block-image\"><figure class=\"aligncenter size-large\"><img loading=\"lazy\" decoding=\"async\" width=\"712\" height=\"1024\" src=\"https:\/\/katonaantik.hu\/wp-content\/uploads\/2021\/09\/20210923_105429-2-712x1024.jpg\" alt=\"\" class=\"wp-image-325\" srcset=\"https:\/\/katonaantik.hu\/wp-content\/uploads\/2021\/09\/20210923_105429-2-712x1024.jpg 712w, https:\/\/katonaantik.hu\/wp-content\/uploads\/2021\/09\/20210923_105429-2-209x300.jpg 209w, https:\/\/katonaantik.hu\/wp-content\/uploads\/2021\/09\/20210923_105429-2-768x1104.jpg 768w, https:\/\/katonaantik.hu\/wp-content\/uploads\/2021\/09\/20210923_105429-2-1068x1536.jpg 1068w, https:\/\/katonaantik.hu\/wp-content\/uploads\/2021\/09\/20210923_105429-2-740x1064.jpg 740w, https:\/\/katonaantik.hu\/wp-content\/uploads\/2021\/09\/20210923_105429-2.jpg 1231w\" sizes=\"auto, (max-width: 712px) 100vw, 712px\" \/><\/figure><\/div>\n\n\n\n<div class=\"wp-block-image\"><figure class=\"aligncenter size-large\"><img loading=\"lazy\" decoding=\"async\" width=\"1024\" height=\"488\" src=\"https:\/\/katonaantik.hu\/wp-content\/uploads\/2021\/09\/20210923_105457-3-1024x488.jpg\" alt=\"\" class=\"wp-image-327\" srcset=\"https:\/\/katonaantik.hu\/wp-content\/uploads\/2021\/09\/20210923_105457-3-1024x488.jpg 1024w, https:\/\/katonaantik.hu\/wp-content\/uploads\/2021\/09\/20210923_105457-3-300x143.jpg 300w, https:\/\/katonaantik.hu\/wp-content\/uploads\/2021\/09\/20210923_105457-3-768x366.jpg 768w, https:\/\/katonaantik.hu\/wp-content\/uploads\/2021\/09\/20210923_105457-3-1536x732.jpg 1536w, https:\/\/katonaantik.hu\/wp-content\/uploads\/2021\/09\/20210923_105457-3-740x353.jpg 740w, https:\/\/katonaantik.hu\/wp-content\/uploads\/2021\/09\/20210923_105457-3.jpg 2047w\" sizes=\"auto, (max-width: 1024px) 100vw, 1024px\" \/><\/figure><\/div>\n<\/div>\n<\/div>\n\n\n\n<p class=\"has-text-align-center\"><strong>K\u00e9s\u0151bbiekben a profil megv\u00e1ltozott.<\/strong><\/p>\n\n\n\n<p class=\"has-text-align-center\"><strong>A c\u00e9g r\u00e9gi b\u00fatorok restaur\u00e1l\u00e1s\u00e1val \u00e9s forgalmaz\u00e1s\u00e1val foglalkozott \u00e9s foglalkozik napjainkban is.<\/strong><\/p>\n\n\n\n<p><\/p>\n\n\n\n<p class=\"has-text-align-center\"><strong>Katona Lajos<\/strong><\/p>\n\n\n\n<p class=\"has-text-align-center\"><strong>Aranykoszor\u00fas b\u00fatorrestaur\u00e1tor<\/strong><\/p>\n","protected":false},"excerpt":{"rendered":"<p>K\u00e9s\u0151bbiekben a profil megv\u00e1ltozott. A c\u00e9g r\u00e9gi b\u00fatorok restaur\u00e1l\u00e1s\u00e1val \u00e9s forgalmaz\u00e1s\u00e1val foglalkozott \u00e9s foglalkozik napjainkban is. Katona Lajos Aranykoszor\u00fas b\u00fatorrestaur\u00e1tor<\/p>\n","protected":false},"author":1,"featured_media":0,"parent":0,"menu_order":0,"comment_status":"closed","ping_status":"closed","template":"","meta":{"footnotes":""},"class_list":["post-68","page","type-page","status-publish","hentry"],"_links":{"self":[{"href":"https:\/\/katonaantik.hu\/index.php?rest_route=\/wp\/v2\/pages\/68","targetHints":{"allow":["GET"]}}],"collection":[{"href":"https:\/\/katonaantik.hu\/index.php?rest_route=\/wp\/v2\/pages"}],"about":[{"href":"https:\/\/katonaantik.hu\/index.php?rest_route=\/wp\/v2\/types\/page"}],"author":[{"embeddable":true,"href":"https:\/\/katonaantik.hu\/index.php?rest_route=\/wp\/v2\/users\/1"}],"replies":[{"embeddable":true,"href":"https:\/\/katonaantik.hu\/index.php?rest_route=%2Fwp%2Fv2%2Fcomments&post=68"}],"version-history":[{"count":10,"href":"https:\/\/katonaantik.hu\/index.php?rest_route=\/wp\/v2\/pages\/68\/revisions"}],"predecessor-version":[{"id":328,"href":"https:\/\/katonaantik.hu\/index.php?rest_route=\/wp\/v2\/pages\/68\/revisions\/328"}],"wp:attachment":[{"href":"https:\/\/katonaantik.hu\/index.php?rest_route=%2Fwp%2Fv2%2Fmedia&parent=68"}],"curies":[{"name":"wp","href":"https:\/\/api.w.org\/{rel}","templated":true}]}}