{"id":64,"date":"2021-07-28T11:21:06","date_gmt":"2021-07-28T11:21:06","guid":{"rendered":"http:\/\/katonaantik.ultranet.hu\/katonaantik_new\/?page_id=64"},"modified":"2024-01-17T12:14:55","modified_gmt":"2024-01-17T12:14:55","slug":"hirek-aktualitasok","status":"publish","type":"page","link":"https:\/\/katonaantik.hu\/?page_id=64","title":{"rendered":"H\u00edrek, aktualit\u00e1sok"},"content":{"rendered":"\n<p>Cilinderes \u00edr\u00f3szekr\u00e9ny<\/p>\n\n\n\n<p><\/p>\n\n\n\n<figure class=\"wp-block-image size-large\"><img loading=\"lazy\" decoding=\"async\" width=\"912\" height=\"1024\" src=\"https:\/\/katonaantik.hu\/wp-content\/uploads\/2024\/01\/Cilinderes-iroszekreny-m2-912x1024.jpg\" alt=\"\" class=\"wp-image-471\" srcset=\"https:\/\/katonaantik.hu\/wp-content\/uploads\/2024\/01\/Cilinderes-iroszekreny-m2-912x1024.jpg 912w, https:\/\/katonaantik.hu\/wp-content\/uploads\/2024\/01\/Cilinderes-iroszekreny-m2-267x300.jpg 267w, https:\/\/katonaantik.hu\/wp-content\/uploads\/2024\/01\/Cilinderes-iroszekreny-m2-768x863.jpg 768w, https:\/\/katonaantik.hu\/wp-content\/uploads\/2024\/01\/Cilinderes-iroszekreny-m2-740x831.jpg 740w, https:\/\/katonaantik.hu\/wp-content\/uploads\/2024\/01\/Cilinderes-iroszekreny-m2.jpg 1145w\" sizes=\"auto, (max-width: 912px) 100vw, 912px\" \/><\/figure>\n","protected":false},"excerpt":{"rendered":"<p>Cilinderes \u00edr\u00f3szekr\u00e9ny<\/p>\n","protected":false},"author":1,"featured_media":0,"parent":0,"menu_order":0,"comment_status":"closed","ping_status":"closed","template":"","meta":{"footnotes":""},"class_list":["post-64","page","type-page","status-publish","hentry"],"_links":{"self":[{"href":"https:\/\/katonaantik.hu\/index.php?rest_route=\/wp\/v2\/pages\/64","targetHints":{"allow":["GET"]}}],"collection":[{"href":"https:\/\/katonaantik.hu\/index.php?rest_route=\/wp\/v2\/pages"}],"about":[{"href":"https:\/\/katonaantik.hu\/index.php?rest_route=\/wp\/v2\/types\/page"}],"author":[{"embeddable":true,"href":"https:\/\/katonaantik.hu\/index.php?rest_route=\/wp\/v2\/users\/1"}],"replies":[{"embeddable":true,"href":"https:\/\/katonaantik.hu\/index.php?rest_route=%2Fwp%2Fv2%2Fcomments&post=64"}],"version-history":[{"count":8,"href":"https:\/\/katonaantik.hu\/index.php?rest_route=\/wp\/v2\/pages\/64\/revisions"}],"predecessor-version":[{"id":474,"href":"https:\/\/katonaantik.hu\/index.php?rest_route=\/wp\/v2\/pages\/64\/revisions\/474"}],"wp:attachment":[{"href":"https:\/\/katonaantik.hu\/index.php?rest_route=%2Fwp%2Fv2%2Fmedia&parent=64"}],"curies":[{"name":"wp","href":"https:\/\/api.w.org\/{rel}","templated":true}]}}